{"id":500,"date":"2024-02-12T22:06:38","date_gmt":"2024-02-12T22:06:38","guid":{"rendered":"https:\/\/laact.pl\/?page_id=500"},"modified":"2024-02-12T22:10:08","modified_gmt":"2024-02-12T22:10:08","slug":"laact-xxiii-exhibition","status":"publish","type":"page","link":"https:\/\/laact.pl\/index.php\/laact-xxiii-exhibition\/","title":{"rendered":"LAACT XXIII  exhibition"},"content":{"rendered":"<h1>LAACT XXIII<\/h1>\n<p>\ud835\ude1b\ud835\ude29\ud835\ude26 \ud835\ude38\ud835\ude30\ud835\ude33\ud835\ude2d\ud835\ude25 \ud835\ude33\ud835\ude26\ud835\ude24\ud835\ude30\ud835\ude36\ud835\ude2f\ud835\ude35\ud835\ude26\ud835\ude25 \ud835\ude23\ud835\ude3a \ud835\ude2d\ud835\ude2a\ud835\ude28\ud835\ude29\ud835\ude35<br \/>\n\ud835\ude26\ud835\ude39\ud835\ude29\ud835\ude2a\ud835\ude23\ud835\ude2a\ud835\ude35\ud835\ude2a\ud835\ude30\ud835\ude2f \/ \ud835\ude2d\ud835\ude26\ud835\ude24\ud835\ude35\ud835\ude36\ud835\ude33\ud835\ude26\ud835\ude34 \/ \ud835\ude2e\ud835\ude26\ud835\ude26\ud835\ude35\ud835\ude2a\ud835\ude2f\ud835\ude28 \ud835\ude38\ud835\ude2a\ud835\ude35\ud835\ude29 \ud835\ude22\ud835\ude33\ud835\ude35\ud835\ude2a\ud835\ude34\ud835\ude35\ud835\ude34 \ud835\ude30\ud835\ude27 \ud835\ude2d\ud835\ude2a\ud835\ude28\ud835\ude29\ud835\ude35 \ud835\ude22\ud835\ude33\ud835\ude35<\/p>\n<p>&nbsp;<\/p>\n<h5>Courtyard of the Four Domes Pavillion<br \/>\nExhibition:<\/h5>\n<p><strong>Sarah Rechberger [AT]<\/strong><br \/>\n<em>VORTICES (Magnetosphere)<\/em><br \/>\n<strong>Annika Hippler [DE]<\/strong><br \/>\n<em>spectral colors<\/em><br \/>\n<strong>Ingo Wendt [DE]<\/strong><br \/>\n<em>Soap Bubble Projector<\/em><br \/>\n<strong>Tilen Sepi\u010d [SI]<\/strong><br \/>\n<em>Cosmic Rain<\/em><br \/>\n<strong>Emilia Ishizaka [PL]<\/strong><br \/>\n<em>Tsunagaru<\/em><br \/>\n<strong>Anna Klimczak [PL]<\/strong><br \/>\n<em>Woliera<\/em><br \/>\n<strong>Mateusz Kr\u00f3l [PL]<\/strong><br \/>\n<em>Ziemniak<\/em><br \/>\n<strong>Alicja Panasiewicz, Adam Panasiewicz \/ grupa Not a Number [PL]<\/strong><br \/>\n<em>Czego s\u0142o\u0144ce nie widzia\u0142o<\/em><br \/>\n<strong>Robert Sochacki [PL]<\/strong><br \/>\n<em>Las Granica<\/em><\/p>\n<p>One Night Public Gallery \/outdoor wall of the Museum<br \/>\n<strong>Joacelio Batista [BR]<\/strong><br \/>\n<em>Ich bin der Ubermensch, CTRL+Z<\/em><br \/>\n<strong>Tomasz Wiktor [PL]<\/strong><br \/>\n<em>HelloNewWorld<\/em><\/p>\n","protected":false},"excerpt":{"rendered":"<p>LAACT XXIII \ud835\ude1b\ud835\ude29\ud835\ude26 \ud835\ude38\ud835\ude30\ud835\ude33\ud835\ude2d\ud835\ude25 \ud835\ude33\ud835\ude26\ud835\ude24\ud835\ude30\ud835\ude36\ud835\ude2f\ud835\ude35\ud835\ude26\ud835\ude25 \ud835\ude23\ud835\ude3a \ud835\ude2d\ud835\ude2a\ud835\ude28\ud835\ude29\ud835\ude35 \ud835\ude26\ud835\ude39\ud835\ude29\ud835\ude2a\ud835\ude23\ud835\ude2a\ud835\ude35\ud835\ude2a\ud835\ude30\ud835\ude2f \/ \ud835\ude2d\ud835\ude26\ud835\ude24\ud835\ude35\ud835\ude36\ud835\ude33\ud835\ude26\ud835\ude34 \/ \ud835\ude2e\ud835\ude26\ud835\ude26\ud835\ude35\ud835\ude2a\ud835\ude2f\ud835\ude28 \ud835\ude38\ud835\ude2a\ud835\ude35\ud835\ude29 \ud835\ude22\ud835\ude33\ud835\ude35\ud835\ude2a\ud835\ude34\ud835\ude35\ud835\ude34 \ud835\ude30\ud835\ude27 \ud835\ude2d\ud835\ude2a\ud835\ude28\ud835\ude29\ud835\ude35 \ud835\ude22\ud835\ude33\ud835\ude35 &nbsp; Courtyard of the Four Domes Pavillion Exhibition: Sarah Rechberger [AT] VORTICES (Magnetosphere) Annika Hippler [DE] spectral colors Ingo Wendt [DE] Soap Bubble Projector Tilen Sepi\u010d [SI] Cosmic Rain Emilia Ishizaka [PL] Tsunagaru Anna Klimczak [PL] Woliera Mateusz [&hellip;]<\/p>\n","protected":false},"author":2,"featured_media":0,"parent":0,"menu_order":0,"comment_status":"closed","ping_status":"closed","template":"","meta":{"spay_email":"","footnotes":""},"class_list":["post-500","page","type-page","status-publish","hentry"],"_links":{"self":[{"href":"https:\/\/laact.pl\/index.php\/wp-json\/wp\/v2\/pages\/500","targetHints":{"allow":["GET"]}}],"collection":[{"href":"https:\/\/laact.pl\/index.php\/wp-json\/wp\/v2\/pages"}],"about":[{"href":"https:\/\/laact.pl\/index.php\/wp-json\/wp\/v2\/types\/page"}],"author":[{"embeddable":true,"href":"https:\/\/laact.pl\/index.php\/wp-json\/wp\/v2\/users\/2"}],"replies":[{"embeddable":true,"href":"https:\/\/laact.pl\/index.php\/wp-json\/wp\/v2\/comments?post=500"}],"version-history":[{"count":3,"href":"https:\/\/laact.pl\/index.php\/wp-json\/wp\/v2\/pages\/500\/revisions"}],"predecessor-version":[{"id":503,"href":"https:\/\/laact.pl\/index.php\/wp-json\/wp\/v2\/pages\/500\/revisions\/503"}],"wp:attachment":[{"href":"https:\/\/laact.pl\/index.php\/wp-json\/wp\/v2\/media?parent=500"}],"curies":[{"name":"wp","href":"https:\/\/api.w.org\/{rel}","templated":true}]}}