{"id":328,"date":"2020-02-26T11:24:33","date_gmt":"2020-02-26T11:24:33","guid":{"rendered":"https:\/\/laact.pl\/?page_id=328"},"modified":"2020-03-02T19:30:39","modified_gmt":"2020-03-02T19:30:39","slug":"2-0-programme-workshop","status":"publish","type":"page","link":"https:\/\/laact.pl\/index.php\/2-0-programme-workshop\/","title":{"rendered":"2.0 programme &#8211; workshops"},"content":{"rendered":"<div class=\"section\">\n<div class=\"layoutArea\">\n<div class=\"column\">\n<h3><strong>Light As A Creative Tool 2.0 <\/strong><strong>workshops:<\/strong><\/h3>\n<h4><strong>05-09 of May 2020<\/strong><\/h4>\n<p>Piekarnia Centre for Performative Arts, Wroclaw.<\/p>\n<h2>Open public presentation of workshops results: 09.05.2020<\/h2>\n<\/div>\n<\/div>\n<div class=\"layoutArea\">\n<p>Please see detaild description of each workshop in the 2.0 <a href=\"https:\/\/laact.pl\/index.php\/2-0-application\/\" target=\"_blank\" rel=\"noopener noreferrer\">application section<\/a>.<\/p>\n<\/div>\n<div class=\"page\" title=\"Page 1\">\n<div class=\"section\">\n<div class=\"layoutArea\">\n<div class=\"column\">\n<h2><\/h2>\n<h2>Workshop area: realtime audio-visual performance and projection<\/h2>\n<p>&nbsp;<\/p>\n<h3><strong>LAACT 2.0 workshop &#8211; Lamplight Concert<\/strong><\/h3>\n<p>In this workshop we create an installation with different household lamps. Every participants brings 3 old, funny, cool or kitschy lamps: what you find in your cellar, in the house of your grandma or friends or even in the garbage. Big, small, hanging or standard lamp, everything is fine. After a basic introduction to Arduino and programming microcontrollers, we start to connect all lamps through relays to the microcontroller and write a program to create a kind of visual concert by switching on and off the lamplights. No previous knowledge is necessary, workshop participants have to bring a Laptop.<\/p>\n<h3><img loading=\"lazy\" decoding=\"async\" class=\"alignnone size-medium wp-image-346\" src=\"https:\/\/i1.wp.com\/laact.pl\/wp-content\/uploads\/2020\/02\/Kistler.jpg?resize=300%2C300&#038;ssl=1\" alt=\"\" width=\"300\" height=\"300\" srcset=\"https:\/\/i1.wp.com\/laact.pl\/wp-content\/uploads\/2020\/02\/Kistler.jpg?resize=300%2C300&amp;ssl=1 300w, https:\/\/i1.wp.com\/laact.pl\/wp-content\/uploads\/2020\/02\/Kistler.jpg?resize=150%2C150&amp;ssl=1 150w, https:\/\/i1.wp.com\/laact.pl\/wp-content\/uploads\/2020\/02\/Kistler.jpg?resize=230%2C230&amp;ssl=1 230w, https:\/\/i1.wp.com\/laact.pl\/wp-content\/uploads\/2020\/02\/Kistler.jpg?resize=350%2C350&amp;ssl=1 350w, https:\/\/i1.wp.com\/laact.pl\/wp-content\/uploads\/2020\/02\/Kistler.jpg?w=420&amp;ssl=1 420w\" sizes=\"auto, (max-width: 300px) 100vw, 300px\" data-recalc-dims=\"1\" \/><\/h3>\n<p>phot. R. Kistler<\/p>\n<h3><strong>Tutor\u2019s bio:<\/strong><\/h3>\n<p><strong>Ralph Kistler &#8211;<\/strong> lives and works as visual artist in Munich, Germany. He has a PhD in Fine Arts, Universidad de La Laguna, Tenerife, Spain and a Master of Public Art and New Artistic<br \/>\nStrategies from Bauhaus University Weimar, Germany.<br \/>\nHe participated in international exhibitions and festivals like Piksel Festival in Bergen, Transmediale in Berlin, Japan Media Arts Festival in Tokyo, FILE Festival in Sao Paulo, Share Prize in Turin and the WRO Media Art Biennale in Wroclaw.<br \/>\nWebsite: www.subtours.com<\/p>\n<h3><strong>LAACT 2.0 workshop &#8211; Generative real-time performance 2D+3D<\/strong><\/h3>\n<p>During the class, participants will be able to learn about the Touch Designer environment as a tool for generating visualizations in real time. Participants will learn about the program interface, signal processing options and input data such as audio signals from microphones or audio interfaces, connecting input signals to graphic elements, creating generative graphics, composing 2D and 3D animations, lighting and texture settings , MIDI controllers, and post-production. The entire course will be conducted in the context of the use of Touch Designer software in generative real-time audiovisual performances using 2D \/ 3D mapping. Workshop will end with a joint performance \/ presentation of participants under the guidance of an instructor.<\/p>\n<h3><img loading=\"lazy\" decoding=\"async\" class=\"alignnone size-medium wp-image-344\" src=\"https:\/\/i0.wp.com\/laact.pl\/wp-content\/uploads\/2020\/02\/Deruba_fotAlgebra.jpg?resize=300%2C300&#038;ssl=1\" alt=\"\" width=\"300\" height=\"300\" srcset=\"https:\/\/i0.wp.com\/laact.pl\/wp-content\/uploads\/2020\/02\/Deruba_fotAlgebra.jpg?resize=300%2C300&amp;ssl=1 300w, https:\/\/i0.wp.com\/laact.pl\/wp-content\/uploads\/2020\/02\/Deruba_fotAlgebra.jpg?resize=150%2C150&amp;ssl=1 150w, https:\/\/i0.wp.com\/laact.pl\/wp-content\/uploads\/2020\/02\/Deruba_fotAlgebra.jpg?resize=768%2C768&amp;ssl=1 768w, https:\/\/i0.wp.com\/laact.pl\/wp-content\/uploads\/2020\/02\/Deruba_fotAlgebra.jpg?resize=1024%2C1024&amp;ssl=1 1024w, https:\/\/i0.wp.com\/laact.pl\/wp-content\/uploads\/2020\/02\/Deruba_fotAlgebra.jpg?resize=500%2C500&amp;ssl=1 500w, https:\/\/i0.wp.com\/laact.pl\/wp-content\/uploads\/2020\/02\/Deruba_fotAlgebra.jpg?resize=830%2C830&amp;ssl=1 830w, https:\/\/i0.wp.com\/laact.pl\/wp-content\/uploads\/2020\/02\/Deruba_fotAlgebra.jpg?resize=230%2C230&amp;ssl=1 230w, https:\/\/i0.wp.com\/laact.pl\/wp-content\/uploads\/2020\/02\/Deruba_fotAlgebra.jpg?resize=350%2C350&amp;ssl=1 350w, https:\/\/i0.wp.com\/laact.pl\/wp-content\/uploads\/2020\/02\/Deruba_fotAlgebra.jpg?resize=480%2C480&amp;ssl=1 480w, https:\/\/i0.wp.com\/laact.pl\/wp-content\/uploads\/2020\/02\/Deruba_fotAlgebra.jpg?w=1378&amp;ssl=1 1378w\" sizes=\"auto, (max-width: 300px) 100vw, 300px\" data-recalc-dims=\"1\" \/><\/h3>\n<p>phot. M. Algebra<\/p>\n<h3><strong>Tutor\u2019s bio:<\/strong><\/h3>\n<p><strong>Rados\u0142aw Deruba &#8211;<\/strong> vj, live visual performer, author of music videos,\u00a0 live visuals , interactive installations, generative creator. He presented his works at numerous concerts and individual exhibitions around the world, including at the Centro Nacional de las Artes in Mexico, Zach\u0119ta National Gallery of Art in Warsaw, the European Parliament, TVP KULTURA, the State Art Gallery in Sopot, Szczecin Philharmonic, Brancaleone in Rome, Audioriver Festival, Tauron Nowa Muzyka Festival, Silesian Stadium, Interference Festival, Royal Palace in Warsaw, Audiovisual Technology Center in Wroc\u0142aw, Circle of Light Festival in Moscow, Center for Contemporary Art in Gda\u0144sk, Toru\u0144 and Warsaw, Polin Warsaw, Intro Festival or in Loophole in Berlin. Winner of the Grand Prix at the WRO 2017 Biennale Draft Systems as the INFER project and the Videozone Festival 2015 for the best visualizations. Finalist of visual festivals: Polish Graphic Design Awards 2018, inSPIRACJE 2014, LPM 2013 Mexico, LPM 2013 Rome, Videozone 2012 and 2013, IN &amp; OUT 2012. Initiator and coordinator of the International VJ Battle at the Interference Festival. Since 2008, he has been conducting workshops and classes in the field of animation and visualization. A resident of noted polish clubs: Sphinx 700, Redlight and B90 clubs.<\/p>\n<h3><strong>LAACT 2.0 workshop &#8211; LED ABC<\/strong><\/h3>\n<p>The workshop will consist of learning how to map the leds using MADmapper in combination with advatek PixLite controller. It will include a step-by-step introduction and learning how to connect both hardware and software, then learning how to generate signal on the leds using the program through its built-in generators and also using the video signal from modul8. A final result will use MADmapper to connect the mapping with the projection.<\/p>\n<h3><img loading=\"lazy\" decoding=\"async\" class=\"alignnone size-medium wp-image-349\" src=\"https:\/\/i1.wp.com\/laact.pl\/wp-content\/uploads\/2020\/02\/labijak.jpg?resize=300%2C300&#038;ssl=1\" alt=\"\" width=\"300\" height=\"300\" srcset=\"https:\/\/i1.wp.com\/laact.pl\/wp-content\/uploads\/2020\/02\/labijak.jpg?resize=300%2C300&amp;ssl=1 300w, https:\/\/i1.wp.com\/laact.pl\/wp-content\/uploads\/2020\/02\/labijak.jpg?resize=150%2C150&amp;ssl=1 150w, https:\/\/i1.wp.com\/laact.pl\/wp-content\/uploads\/2020\/02\/labijak.jpg?resize=768%2C768&amp;ssl=1 768w, https:\/\/i1.wp.com\/laact.pl\/wp-content\/uploads\/2020\/02\/labijak.jpg?resize=1024%2C1024&amp;ssl=1 1024w, https:\/\/i1.wp.com\/laact.pl\/wp-content\/uploads\/2020\/02\/labijak.jpg?resize=500%2C500&amp;ssl=1 500w, https:\/\/i1.wp.com\/laact.pl\/wp-content\/uploads\/2020\/02\/labijak.jpg?resize=830%2C830&amp;ssl=1 830w, https:\/\/i1.wp.com\/laact.pl\/wp-content\/uploads\/2020\/02\/labijak.jpg?resize=230%2C230&amp;ssl=1 230w, https:\/\/i1.wp.com\/laact.pl\/wp-content\/uploads\/2020\/02\/labijak.jpg?resize=350%2C350&amp;ssl=1 350w, https:\/\/i1.wp.com\/laact.pl\/wp-content\/uploads\/2020\/02\/labijak.jpg?resize=480%2C480&amp;ssl=1 480w, https:\/\/i1.wp.com\/laact.pl\/wp-content\/uploads\/2020\/02\/labijak.jpg?w=1200&amp;ssl=1 1200w\" sizes=\"auto, (max-width: 300px) 100vw, 300px\" data-recalc-dims=\"1\" \/><\/h3>\n<p>phot. M. Labijak<\/p>\n<h3><strong>Tutor\u2019s bio:<\/strong><\/h3>\n<p><strong>Micha\u0142 Labijak &#8211;<\/strong> a lighting master, he has built, cocreated and technically supported many concerts, events, and artistic installations in galleries, clubs and festivals. In his practice he often uses garagecube MADmapper software for LED mapping as well as for combining video and mapping. His software skills, technical experience and deep understanding of the whole context of the event are always resulting in an excellent light work.<\/p>\n<h3><strong>LAACT 2.0 workshop &#8211; Light instruments<\/strong><\/h3>\n<p>The workshop will be conducted by two artists from Wroc\u0142aw: Pawe\u0142 Lisek, a visual artist and academic teacher and the composer Piotr Bednarczyk, who also uses a visual sphere in his pieces; combining projection with stage lighting and stroboscopes.<br \/>\nThe installations made during that workshop should be interactive, with the interplay of equally important elements of light and sound. Depending on the group development, a final result might be a range of works: from digital installations, through interactive objects up to a micro concert using created light instruments.<\/p>\n<h3><img loading=\"lazy\" decoding=\"async\" class=\"alignnone size-medium wp-image-343\" src=\"https:\/\/i0.wp.com\/laact.pl\/wp-content\/uploads\/2020\/02\/Bednarczyk.jpg?resize=300%2C300&#038;ssl=1\" alt=\"\" width=\"300\" height=\"300\" srcset=\"https:\/\/i0.wp.com\/laact.pl\/wp-content\/uploads\/2020\/02\/Bednarczyk.jpg?resize=300%2C300&amp;ssl=1 300w, https:\/\/i0.wp.com\/laact.pl\/wp-content\/uploads\/2020\/02\/Bednarczyk.jpg?resize=150%2C150&amp;ssl=1 150w, https:\/\/i0.wp.com\/laact.pl\/wp-content\/uploads\/2020\/02\/Bednarczyk.jpg?resize=768%2C768&amp;ssl=1 768w, https:\/\/i0.wp.com\/laact.pl\/wp-content\/uploads\/2020\/02\/Bednarczyk.jpg?resize=500%2C500&amp;ssl=1 500w, https:\/\/i0.wp.com\/laact.pl\/wp-content\/uploads\/2020\/02\/Bednarczyk.jpg?resize=230%2C230&amp;ssl=1 230w, https:\/\/i0.wp.com\/laact.pl\/wp-content\/uploads\/2020\/02\/Bednarczyk.jpg?resize=350%2C350&amp;ssl=1 350w, https:\/\/i0.wp.com\/laact.pl\/wp-content\/uploads\/2020\/02\/Bednarczyk.jpg?resize=480%2C480&amp;ssl=1 480w, https:\/\/i0.wp.com\/laact.pl\/wp-content\/uploads\/2020\/02\/Bednarczyk.jpg?w=818&amp;ssl=1 818w\" sizes=\"auto, (max-width: 300px) 100vw, 300px\" data-recalc-dims=\"1\" \/><\/h3>\n<p>phot. P. Bednarczyk<\/p>\n<h3><strong>Tutors bio:<\/strong><\/h3>\n<p><strong>Piotr Bednarczyk &#8211;<\/strong> Polish composer born in 1994 in Koszalin. In 2019, he graduated from composition at the Music Academy in Wroc\u0142aw in the class of dr hab. Cezary Duchnowski. His composing activities are focused mainly on instrumental chamber, electroacoustic and electronic music. In his works, the composer focuses on searching for interesting sound structures using unconventional sound extraction techniques and live electronics. His stylistic interests revolve around noise, glitch and club music. In his compositions he uses performative actions and lighting control. Bednarczyk is also an active performer of his music. He creates the LOUFR one-man project, under which he performs his own electronic music. Piotr is a member of the Sound Factory Orchestra where he deals with the implementation of audio and electronic parts. Bednarczyk is also part of the Wkurvv collective in Wroc\u0142aw, whose popular activity is the popularization of experimental electronic music. His works were presented, among others during contemporary music festivals such as: Warsaw Autumn, Musica Electronica Nova, Musica Polonica Nova, CROSSROADS, S\u0142uchalnia, Muslab, New Music Week, GAIDA Festival, Idealistic Festival, Klangwerkstatt Berlin &#8211; Festival f\u00c31\u20444r Neue Musik and SNIM. He collaborated with with NAMES Ensemble, Ensemble Adapter, Garage Ensemble, Sound Factory Orchestra, Ensemble Kompopolex, Ensemble Synaesthesis, SNIM Ensemble, Trio Layers, Ars Nova Ensemble, and Ensemble s201.<\/p>\n<h3><img loading=\"lazy\" decoding=\"async\" class=\"alignnone size-medium wp-image-350\" src=\"https:\/\/i2.wp.com\/laact.pl\/wp-content\/uploads\/2020\/02\/Lisek.jpg?resize=300%2C300&#038;ssl=1\" alt=\"\" width=\"300\" height=\"300\" srcset=\"https:\/\/i2.wp.com\/laact.pl\/wp-content\/uploads\/2020\/02\/Lisek.jpg?resize=300%2C300&amp;ssl=1 300w, https:\/\/i2.wp.com\/laact.pl\/wp-content\/uploads\/2020\/02\/Lisek.jpg?resize=150%2C150&amp;ssl=1 150w, https:\/\/i2.wp.com\/laact.pl\/wp-content\/uploads\/2020\/02\/Lisek.jpg?resize=230%2C230&amp;ssl=1 230w, https:\/\/i2.wp.com\/laact.pl\/wp-content\/uploads\/2020\/02\/Lisek.jpg?resize=350%2C350&amp;ssl=1 350w, https:\/\/i2.wp.com\/laact.pl\/wp-content\/uploads\/2020\/02\/Lisek.jpg?w=390&amp;ssl=1 390w\" sizes=\"auto, (max-width: 300px) 100vw, 300px\" data-recalc-dims=\"1\" \/><\/h3>\n<p>phot. P. Lisek<\/p>\n<h3><strong>Tutor\u2019s bio:<\/strong><\/h3>\n<p><strong>Dr Pawe\u0142 Lisek &#8211;<\/strong> an artist, creator and producer of interactive multimedia projects, in which he combines layers of sound and pictures. As a visual artist he often works with composers and musicians. He was responsible for the visual sphere in the project &#8220;Saved from oblivion &#8211; Witold Szalonek and his sounds combined&#8221; with the Sound Factory Orchestra. Together with Adam Abel and Cezary Duchnowski he created The Phantom project, that started a series of shows created jointly by visual artists and composers based in Wroc\u0142aw. At the festival in the Torun&#8217;s CCA &#8220;Lutos\u0142awski \/ Pole Widzenia &#8211; Pole s\u0142yszenia&#8221; he performed in the AVATAR project together with Adam Ba\u0142dych and Pawe\u0142 Hendrich. As part of the fifth edition of the Musica Electronica Nova festival together with the students Lisek created visual improvised impressions of works by Bogus\u0142aw Schaeffer and Trevor Wishart performed by Belgian band Musiques &amp; Recherches.<\/p>\n<h3><strong>LAACT 2.0 workshop &#8211; Dynamic and Freeform Performance<\/strong><\/h3>\n<p>In this workshop participants will work in two parts: first digitalizing analog content for the purpose of projection. And second part will consist of preparing quality material for an outdoor projection.<\/p>\n<h3><img loading=\"lazy\" decoding=\"async\" class=\"alignnone size-full wp-image-345\" src=\"https:\/\/i1.wp.com\/laact.pl\/wp-content\/uploads\/2020\/02\/Hietaniemi.png?resize=250%2C250&#038;ssl=1\" alt=\"\" width=\"250\" height=\"250\" srcset=\"https:\/\/i1.wp.com\/laact.pl\/wp-content\/uploads\/2020\/02\/Hietaniemi.png?w=250&amp;ssl=1 250w, https:\/\/i1.wp.com\/laact.pl\/wp-content\/uploads\/2020\/02\/Hietaniemi.png?resize=150%2C150&amp;ssl=1 150w, https:\/\/i1.wp.com\/laact.pl\/wp-content\/uploads\/2020\/02\/Hietaniemi.png?resize=230%2C230&amp;ssl=1 230w\" sizes=\"auto, (max-width: 250px) 100vw, 250px\" data-recalc-dims=\"1\" \/><\/h3>\n<p>phot. A. Hietaniemi<\/p>\n<h3><strong>Tutor\u2019s bio:<\/strong><\/h3>\n<p><strong>Antti Hietaniemi &#8211;<\/strong> trained as a graphic designer and graduated as a master of arts in new media from Aalto University, Helsinki Finland, Antti Hietaniemi has designed and created live visual performances for the past fifteen years in a variety of contexts, from cultural institutions to underground music parties in the Nordic countries and abroad. As an educator Hietaniemi is trying to find and convey meaningful ways of using various visual software tools for the benefit of performing arts, visual communication design and audience enjoyment. He teaches digital media and contemporary design courses at the Aalto University Department of Media, focusing on digital literacy, motion graphics and real-time audiovisual performance.<br \/>\nhttp:\/\/www.anttihietaniemi.com<\/p>\n<h2><\/h2>\n<h2>Workshop area: light that shifts perception<\/h2>\n<p>&nbsp;<\/p>\n<h3><strong>LAACT 2.0 workshop &#8211; Light in Frame<\/strong><\/h3>\n<p>Constructing a film set scene &#8211; its space and ambiance &#8211; and making observations on how light enhances, shifts and brings the scene to life.<br \/>\nI would like to draw attention to a variety of light sources with some special attention to mirrors and reflective surfaces. Our workshop practice will explore both day and night settings. Each participant\/team will have a choice of two fragments from literature and some film references. Following the choice of one of them we will next find right situ \/ location, that will allow the scene to be shot.<br \/>\nWe will use light sources, mirrors, sheets of metal, glass, and other found materials. This workshop will be an inspiring and developing experience, a careful exploration of the subject with sensitive observations that will help each participant to deliver a satisfying material.<\/p>\n<h3><img loading=\"lazy\" decoding=\"async\" class=\"alignnone size-medium wp-image-354\" src=\"https:\/\/i0.wp.com\/laact.pl\/wp-content\/uploads\/2020\/02\/S-CEE.jpg?resize=300%2C300&#038;ssl=1\" alt=\"\" width=\"300\" height=\"300\" srcset=\"https:\/\/i0.wp.com\/laact.pl\/wp-content\/uploads\/2020\/02\/S-CEE.jpg?resize=300%2C300&amp;ssl=1 300w, https:\/\/i0.wp.com\/laact.pl\/wp-content\/uploads\/2020\/02\/S-CEE.jpg?resize=150%2C150&amp;ssl=1 150w, https:\/\/i0.wp.com\/laact.pl\/wp-content\/uploads\/2020\/02\/S-CEE.jpg?resize=768%2C768&amp;ssl=1 768w, https:\/\/i0.wp.com\/laact.pl\/wp-content\/uploads\/2020\/02\/S-CEE.jpg?resize=500%2C500&amp;ssl=1 500w, https:\/\/i0.wp.com\/laact.pl\/wp-content\/uploads\/2020\/02\/S-CEE.jpg?resize=830%2C830&amp;ssl=1 830w, https:\/\/i0.wp.com\/laact.pl\/wp-content\/uploads\/2020\/02\/S-CEE.jpg?resize=230%2C230&amp;ssl=1 230w, https:\/\/i0.wp.com\/laact.pl\/wp-content\/uploads\/2020\/02\/S-CEE.jpg?resize=350%2C350&amp;ssl=1 350w, https:\/\/i0.wp.com\/laact.pl\/wp-content\/uploads\/2020\/02\/S-CEE.jpg?resize=480%2C480&amp;ssl=1 480w, https:\/\/i0.wp.com\/laact.pl\/wp-content\/uploads\/2020\/02\/S-CEE.jpg?w=1000&amp;ssl=1 1000w\" sizes=\"auto, (max-width: 300px) 100vw, 300px\" data-recalc-dims=\"1\" \/><\/h3>\n<p>phot. A. Halada LET\\&#8217;S CEE<\/p>\n<h3><strong>Tutor\u2019s bio:<\/strong><\/h3>\n<p><strong>Elwira Pluta &#8211;<\/strong> Production Designer, Set Designer, author of installations, born and living in Warsaw, Poland. She \u00a0studied at the Courtauld Institute of Art and Central St Martins School of Arts and\u00a0\u00a0Production Design for Film and Tv, at the School of 3D Design, at Kingston upon Thames University, London UK.<br \/>\nProduction Designer for nearly thirty feature films.\u00a0\u00a0\u00a0In 2009 awarded for Best\u00a0\u00a0Production Design at PFF in Gdynia, for two films : All that I love (Wszystko Co Kocham),\u00a0and much loved by young audience the Magic Tree.\u00a0 She has worked with many first-time and aclaimed filmmakers alike.<br \/>\nShe is a regular member of PFF jury in Gdynia film festival.<\/p>\n<h3><strong>LAACT 2.0 workshop &#8211; The use of staging light in artistic creation<\/strong><\/h3>\n<p>With the use of staging light the group will explore light in a direction of creating reflections, shadows and colors that will change the perception of objects. Students will take the time to see and discuss how could the environment of the set be changed by the lighting.<\/p>\n<h3><img loading=\"lazy\" decoding=\"async\" class=\"alignnone size-medium wp-image-356\" src=\"https:\/\/i0.wp.com\/laact.pl\/wp-content\/uploads\/2020\/02\/Seyama_fot.OperLeipzig.jpg?resize=300%2C300&#038;ssl=1\" alt=\"\" width=\"300\" height=\"300\" srcset=\"https:\/\/i0.wp.com\/laact.pl\/wp-content\/uploads\/2020\/02\/Seyama_fot.OperLeipzig.jpg?resize=300%2C300&amp;ssl=1 300w, https:\/\/i0.wp.com\/laact.pl\/wp-content\/uploads\/2020\/02\/Seyama_fot.OperLeipzig.jpg?resize=150%2C150&amp;ssl=1 150w, https:\/\/i0.wp.com\/laact.pl\/wp-content\/uploads\/2020\/02\/Seyama_fot.OperLeipzig.jpg?resize=230%2C230&amp;ssl=1 230w, https:\/\/i0.wp.com\/laact.pl\/wp-content\/uploads\/2020\/02\/Seyama_fot.OperLeipzig.jpg?resize=350%2C350&amp;ssl=1 350w, https:\/\/i0.wp.com\/laact.pl\/wp-content\/uploads\/2020\/02\/Seyama_fot.OperLeipzig.jpg?w=472&amp;ssl=1 472w\" sizes=\"auto, (max-width: 300px) 100vw, 300px\" data-recalc-dims=\"1\" \/><\/h3>\n<p>phot. O. Leipzig<\/p>\n<h3><strong>Tutor\u2019s bio:<\/strong><\/h3>\n<p><strong>Yoko Seyama &#8211;<\/strong> the Berlin-based Japanese scenographer and multimedia artist specializes in spatial time-based art. Her background is architecture and performing arts. Her works combine digital elements with natural materials which she is working into mutating spaces in Public Spaces, Theaters, Museums, Galleries. Light is one of her primary materials.\u2028Her installations have been exhibited throughout the world, Zentrum f\u00fcr Internationale Lichtkunst Unna, EVI LICHITUNGEN Hildesheim, Wood Street Galleries (Pittsburgh, US), Visual Art Week (Buenos Aires, AR), Scopiton Festival (Nantes, FR), STRP, TodaysArt, SonicActsXIII (NL), Pola museum annex, Todays Art (JP), Bangkok Citycity Gallery, MAIIAM (TH) and many others.<br \/>\nHer scenographic works often include light and kinetic sculptures. She has collaborated with various choreographers, directors, and composers: Jiri Kylian (&#8216;M\u00e9moires d\u2019Oubliettes&#8217; by the Nederlands Dans Theater), Dirk P Haubrich, Jean-Philippe Dury (\u2018The Nutcracker\u2019 by Leipzig Ballet DE), Giorgio Madia (&#8216;Die Fledermaus&#8217; by Grand Theatre \u0141\u00f3d\u017a PL), Gentian Doda (Berlin Staatsballet DE), Giorgio Madia (Grand Theatre, \u0141\u00f3d\u017a), Iv\u00e1n P\u00e9rez (Dance Theatre Heidelberg DE), (Norrdans SE, National Dance Company Wales UK), Megumi Nakamura (New National Ballet of Japan) and more.\u2028She holds an MA in ArtScience from the Royal Academy of Art \/ Royal Conservatoire The Hague, and a BA in Architecture from Musashino Art University, Tokyo. Her collaboration work \u2018Plane Scape\u2019 has received the prize Filmhuis Works Space 10 (NL), and a grand from Pola Art Foundation (JP).<\/p>\n<h3><strong>LAACT 2.0 workshop &#8211; A fluent relationship between space and light<\/strong><\/h3>\n<p>This workshop focuses on the study of space and light. How the light works in space. Students will construct a space out of given materials, focusing on how the light and shadow work in space.<\/p>\n<h3><img loading=\"lazy\" decoding=\"async\" class=\"alignnone size-medium wp-image-355\" src=\"https:\/\/i1.wp.com\/laact.pl\/wp-content\/uploads\/2020\/02\/Puij.jpg?resize=300%2C300&#038;ssl=1\" alt=\"\" width=\"300\" height=\"300\" srcset=\"https:\/\/i1.wp.com\/laact.pl\/wp-content\/uploads\/2020\/02\/Puij.jpg?resize=300%2C300&amp;ssl=1 300w, https:\/\/i1.wp.com\/laact.pl\/wp-content\/uploads\/2020\/02\/Puij.jpg?resize=150%2C150&amp;ssl=1 150w, https:\/\/i1.wp.com\/laact.pl\/wp-content\/uploads\/2020\/02\/Puij.jpg?resize=768%2C768&amp;ssl=1 768w, https:\/\/i1.wp.com\/laact.pl\/wp-content\/uploads\/2020\/02\/Puij.jpg?resize=500%2C500&amp;ssl=1 500w, https:\/\/i1.wp.com\/laact.pl\/wp-content\/uploads\/2020\/02\/Puij.jpg?resize=830%2C830&amp;ssl=1 830w, https:\/\/i1.wp.com\/laact.pl\/wp-content\/uploads\/2020\/02\/Puij.jpg?resize=230%2C230&amp;ssl=1 230w, https:\/\/i1.wp.com\/laact.pl\/wp-content\/uploads\/2020\/02\/Puij.jpg?resize=350%2C350&amp;ssl=1 350w, https:\/\/i1.wp.com\/laact.pl\/wp-content\/uploads\/2020\/02\/Puij.jpg?resize=480%2C480&amp;ssl=1 480w, https:\/\/i1.wp.com\/laact.pl\/wp-content\/uploads\/2020\/02\/Puij.jpg?w=944&amp;ssl=1 944w\" sizes=\"auto, (max-width: 300px) 100vw, 300px\" data-recalc-dims=\"1\" \/><\/h3>\n<p>phot. K. van der Puij<\/p>\n<h3><strong>Tutor\u2019s bio:<\/strong><\/h3>\n<p><strong>Kai van der Puij &#8211;<\/strong> is a Finnish designer based in Helsinki. His interests lie in architecture, art and furniture design. Has graduated from the University of Art and Design with a master\u00b4s degree in interior architecture and from the Helsinki University of Technology with a master\u00b4s degree in architecture. He has been senior lecturer in Lahti Institute of Design and thesis evaluator in Aalto University. Kai has participated in various furniture exhibitions and worked together with several finish architects. He found his own design firm in 2006. Most recently he has exhibited his installation 1-11,5Hx in RGB Light Experience, Rome, EVI LICHTUNGEN Hildesheim, LUX-IN, Helsinki and at Mexico City Light Festival \u2013 Filux.<br \/>\nwww.kaivanderpuij.com<\/p>\n<p>&nbsp;<\/p>\n<\/div>\n<\/div>\n<\/div>\n<\/div>\n<div class=\"layoutArea\">\n<h5 class=\"column\">Full LAACT 2.0 lectures program is <a href=\"https:\/\/laact.pl\/index.php\/2-0-programme\/\" target=\"_blank\" rel=\"noopener noreferrer\">availible here<\/a>.<\/h5>\n<\/div>\n<\/div>\n","protected":false},"excerpt":{"rendered":"<p>Light As A Creative Tool 2.0 workshops: 05-09 of May 2020 Piekarnia Centre for Performative Arts, Wroclaw. Open public presentation of workshops results: 09.05.2020 Please see detaild description of each workshop in the 2.0 application section. Workshop area: realtime audio-visual performance and projection &nbsp; LAACT 2.0 workshop &#8211; Lamplight Concert In this workshop we create [&hellip;]<\/p>\n","protected":false},"author":2,"featured_media":0,"parent":0,"menu_order":0,"comment_status":"closed","ping_status":"closed","template":"","meta":{"spay_email":"","footnotes":""},"class_list":["post-328","page","type-page","status-publish","hentry"],"_links":{"self":[{"href":"https:\/\/laact.pl\/index.php\/wp-json\/wp\/v2\/pages\/328","targetHints":{"allow":["GET"]}}],"collection":[{"href":"https:\/\/laact.pl\/index.php\/wp-json\/wp\/v2\/pages"}],"about":[{"href":"https:\/\/laact.pl\/index.php\/wp-json\/wp\/v2\/types\/page"}],"author":[{"embeddable":true,"href":"https:\/\/laact.pl\/index.php\/wp-json\/wp\/v2\/users\/2"}],"replies":[{"embeddable":true,"href":"https:\/\/laact.pl\/index.php\/wp-json\/wp\/v2\/comments?post=328"}],"version-history":[{"count":9,"href":"https:\/\/laact.pl\/index.php\/wp-json\/wp\/v2\/pages\/328\/revisions"}],"predecessor-version":[{"id":407,"href":"https:\/\/laact.pl\/index.php\/wp-json\/wp\/v2\/pages\/328\/revisions\/407"}],"wp:attachment":[{"href":"https:\/\/laact.pl\/index.php\/wp-json\/wp\/v2\/media?parent=328"}],"curies":[{"name":"wp","href":"https:\/\/api.w.org\/{rel}","templated":true}]}}