{"id":318,"date":"2020-02-26T10:53:04","date_gmt":"2020-02-26T10:53:04","guid":{"rendered":"https:\/\/laact.pl\/?page_id=318"},"modified":"2020-04-16T12:06:49","modified_gmt":"2020-04-16T11:06:49","slug":"2-0-info","status":"publish","type":"page","link":"https:\/\/laact.pl\/index.php\/2-0-info\/","title":{"rendered":"2.0 info"},"content":{"rendered":"<h2 class=\"layoutArea\"><strong>LIGHT AS A CREATIVE TOOL 2.0<\/strong><\/h2>\n<h2>4-9.05.2020<\/h2>\n<h4>Akademia Sztuk Pi\u0119knych im. Eugeniusza Gepperta we Wroc\u0142awiu<br \/>\nThe Eugeniusz Geppert Academy of Art and Design in Wroclaw<\/h4>\n<p>&nbsp;<\/p>\n<h4><strong>14.04.2020 AKTUALIZACJA<\/strong><\/h4>\n<p>dzi\u0119kujemy za zainteresowanie i zg\u0142oszenia. Czekali\u015bmy do ostatniego momentu, aby podj\u0105\u0107 decyzj\u0119 o mo\u017cliwym kszta\u0142cie konferencji i warsztat\u00f3w LAACT 2.0 we Wroc\u0142awiu.<br \/>\nNiestety, w zwi\u0105zku z charakterem warsztat\u00f3w nie mo\u017cemy przenie\u015b\u0107 ich w wymiar wirtualny, a konferencja, sk\u0142adaj\u0105ca si\u0119 g\u0142\u00f3wnie z wyk\u0142adowc\u00f3w z zagranicy nie b\u0119dzie mog\u0142a odby\u0107 si\u0119 zgodnie z zaleceniami polskiego rz\u0105du z dnia 13.04.2020.<\/p>\n<p>Studenci, kt\u00f3rzy wy\u015bl\u0105 aplikacj\u0119 do dn. 19 kwietnia 2020 bed\u0105 mia\u0142y automatycznie zagwarantowane miejsce na wybranym warsztacie.<\/p>\n<p>Wszystkich zainteresowanych dalsz\u0105 wsp\u00f3\u0142prac\u0105 i uczestnictwem w projekcie LAACT 2.0 b\u0119dziemy powiadamia\u0107 o planowanych dzia\u0142aniach w drugiej po\u0142owie 2020 roku i na pocz\u0105tku 2021.<br \/>\nPrawdopodobnie przeniesiemy wydarzenie w ca\u0142o\u015bci na maj 2021.<\/p>\n<h5>Dzi\u0119kujemy i \u017cyczymy zdrowia w ci\u0105gu najbli\u017cszych tygodni,<br \/>\nOrganizatorzy LAACT 2.0<\/h5>\n<h4><\/h4>\n<h4><strong>14.04.2020 UPDATE<\/strong><\/h4>\n<p>Thank you very much for your interest and applications. We have waited until the very last moment to make this decision upon the possibility of organizing Workshops and Conference LAACT 2.0 in Wroclaw.<br \/>\nUnfortunately, due to the workshops\u2019 characteristics we are not able to offer them online, and a conference consisting mainly of the Lecturers coming from abroad will be impossible to take place during this time, according to Polish government recommendations from 13 of April 2020.<\/p>\n<p>Students who will apply for their chosen workshop until the 19th of April 2020 will have a place guaranteed.<\/p>\n<p>All those interested in staying in contact and supporting us after the COVID-19 crisis we will keep informed about planned actions in late 2020\/early 2021 time. We might reschedule the whole event to May 2021.<\/p>\n<h5>Thank you &#8211; with the best wishes of health<br \/>\nLAACT 2.0 organizers<\/h5>\n<h4><\/h4>\n<h4><strong>17.03.2020<\/strong><\/h4>\n<p>Ze wzgl\u0119du na \u015brodki ostro\u017cno\u015bci podj\u0119te przez polski rz\u0105d czasowo zawieszamy wszelkie dzia\u0142ania organizacyjne dotycz\u0105ce zdarzenia LAACT2.0.<\/p>\n<p>Niemniej jednak nab\u00f3r online na warsztaty 2020 jest nadal otwarty do 19.04.2020. B\u0105d\u017acie bezpieczni i prze\u015blijcie nam swoje zg\u0142oszenie!<\/p>\n<p>Due to the precaution measures taken by the Polish government we are temporarily suspending all organizational actions concerning LAACT2.0 event.<\/p>\n<p>Nevertheless the online call for students for 2020 workshops is still open until the 19.04.2020. Stay safe and send us your application!<\/p>\n<h5><span id=\"cch_f1dc3efa2946df8\" class=\"_mh6 _wsc\"><span class=\"_3oh- _58nk\">LAACT 2.0 team<\/span><\/span><\/h5>\n<p>&nbsp;<\/p>\n<p>&nbsp;<\/p>\n<p>&nbsp;<\/p>\n<p>&nbsp;<\/p>\n<h2 class=\"layoutArea\"><strong>LIGHT AS A CREATIVE TOOL 2.0<\/strong><\/h2>\n<p>2020 edition of Light as a Creative Tool will take place in Wroclaw [PL] in cooperation with<\/p>\n<p><a href=\"https:\/\/www.asp.wroc.pl\/?lang=en\" target=\"_blank\" rel=\"noopener noreferrer\">The Eugeniusz Geppert Academy of Art and Design in Wroclaw<\/a> &#8211; <a href=\"https:\/\/www.asp.wroc.pl\/?module=StaticContent&amp;controller=Main&amp;id=78&amp;__seoName=The+Faculty+of+Interior+Architecture%2C+Design+and+Stage+Design\" target=\"_blank\" rel=\"noopener noreferrer\">Department of Stage Design<\/a>,<\/p>\n<p>Piekarnia Centre for Performative Art and\u00a0 <a href=\"http:\/\/en.grotowski-institute.art.pl\/projekty\/seats-grotowski-institute\/\" target=\"_blank\" rel=\"noopener noreferrer\">Grotowski Institute<\/a><\/p>\n<p>From 4 to 9 of May 2020 we invite you to<\/p>\n<p>a one-day Conference with international researchers, artists and curators focusing on media and light art in context of contemporary art and their socio-cultural background. Conference is open to all audiences and will be held in Wroclaw Academy of Art and Design (<a href=\"https:\/\/goo.gl\/maps\/e9J9odKX1FuN2YsL9\" target=\"_blank\" rel=\"noopener noreferrer\">click here to view location<\/a>).<\/p>\n<p>a four-day long Workshop programme in public space &#8211; this time the Piekarnia Centre For Performative Art (<a href=\"https:\/\/goo.gl\/maps\/QFigcuhLb6yjThNF8\" target=\"_blank\" rel=\"noopener noreferrer\">click here to view location<\/a>). All works will be open to public viewing in a final showcase. LAACT 2.0 workshops will explore interactive and generative techniques and ideas, as well as the light as a tool for shifting the perception of an art object\/installation. Workshops are availibile for students of Polish and international academies and universities (<a href=\"https:\/\/laact.pl\/index.php\/2-0-application\/\" target=\"_blank\" rel=\"noopener noreferrer\">read more about participation here<\/a>).<\/p>\n<h5>Full LAACT 2.0 program is <a href=\"https:\/\/laact.pl\/index.php\/2-0-programme\/\" target=\"_blank\" rel=\"noopener noreferrer\">availible here<\/a>.<\/h5>\n<p>&nbsp;<\/p>\n<h1><\/h1>\n<h1><\/h1>\n<h2 class=\"layoutArea\"><strong> LIGHT AS A CREATIVE TOOL 2.0<\/strong><\/h2>\n<h4 class=\"layoutArea\"><a href=\"https:\/\/www.asp.wroc.pl\/?lang=en\" target=\"_blank\" rel=\"noopener noreferrer\">The Eugeniusz Geppert Academy of Art and Design in Wroclaw<\/a><\/h4>\n<h4 class=\"layoutArea\"><strong><span class=\"tlid-translation translation\" lang=\"en\"><span class=\"\" title=\"\">organizer:<\/span><\/span> <\/strong><a href=\"https:\/\/www.asp.wroc.pl\/?module=StaticContent&amp;controller=Main&amp;id=78&amp;__seoName=The+Faculty+of+Interior+Architecture%2C+Design+and+Stage+Design&amp;lang=en\" target=\"_blank\" rel=\"noopener noreferrer\"><strong>Department of Stage Design<\/strong> <\/a><\/h4>\n<div class=\"layoutArea\">\n<h4>production partner: <a href=\"https:\/\/www.asp.wroc.pl\/?module=StaticContent&amp;controller=Main&amp;id=65&amp;__seoName=Media+Art+Department\" target=\"_blank\" rel=\"noopener noreferrer\">Media Art Department<\/a><\/h4>\n<p>&nbsp;<\/p>\n<\/div>\n<div class=\"layoutArea\">\n<h4><\/h4>\n<h4>Honorary Patronage:<\/h4>\n<p><a href=\"http:\/\/www.polen.diplo.de\" target=\"_blank\" rel=\"noopener noreferrer\">German Consulate General<\/a> in Wroclaw, Poland<\/p>\n<p><a href=\"http:\/\/www.konsulat-austrii-wroclaw.pl\" target=\"_blank\" rel=\"noopener noreferrer\">dr Edward W\u0105siewicz <span class=\"tlid-translation translation\" lang=\"en\"><span class=\"\" title=\"\">Honorary Consul of Austria<\/span><\/span><\/a> in Wroclaw, Poland<\/p>\n<h4>Partners:<\/h4>\n<p>Piekarnia Centre for Performative Art<br \/>\n<a href=\"http:\/\/en.grotowski-institute.art.pl\/projekty\/seats-grotowski-institute\/\" target=\"_blank\" rel=\"noopener noreferrer\">Grotowski Institute<\/a> in Wroc\u0142aw<br \/>\nFermentownia Renaty Micherda-Jarodzkiej<br \/>\n<a href=\"http:\/\/austria.org.pl\/\">Austriackie Forum Kultury<\/a> Warszawa<\/p>\n<h1><\/h1>\n<h1><\/h1>\n<\/div>\n<h1><\/h1>\n<h1><\/h1>\n<p>&nbsp;<\/p>\n<h4><span class=\"tlid-translation translation\" lang=\"en\"><span class=\"\" title=\"\">Lecturers, Tutors, Specialists:<\/span><\/span><\/h4>\n<h5><strong><span class=\"tlid-translation translation\" lang=\"en\"><span class=\"\" title=\"\">Austria:<\/span><\/span><\/strong><\/h5>\n<p>Dr Martina Tritthart &#8211; FH Joanneum University of Applied Science, FH Burgenland University of Applied Science, Austria &#8211; lectures<\/p>\n<h5><strong><span class=\"tlid-translation translation\" lang=\"en\"><span class=\"\" title=\"\">Finland:<\/span><\/span><\/strong><\/h5>\n<p>Kai Henning van der Puij &#8211; Institute of Design, Lahti University of Applied Sciences, Finland &#8211; lectures and workshops<br \/>\nAntti Hietaniemi &#8211; Aalto University Department of Media, Helsinki, Finland &#8211; workshops<\/p>\n<h5><strong><span class=\"tlid-translation translation\" lang=\"en\"><span class=\"\" title=\"\">Germany:<\/span><\/span><\/strong><\/h5>\n<p>Bettina Pelz &#8211; Bremen Academy of Arts, Germany &#8211; lectures<br \/>\nRalph Kistler &#8211; PhD in Fine Arts, Universidad de La Laguna Tenerife Spain, Munich, Germany &#8211; workshops<\/p>\n<h5><strong><span class=\"tlid-translation translation\" lang=\"en\"><span class=\"\" title=\"\">Hungary:<\/span><\/span><\/strong><\/h5>\n<p><span class=\"tlid-translation translation\" lang=\"en\"><span class=\"\" title=\"\">Dr M\u00e1rton Orosz &#8211; Vasarely Museum \u2013 Museum of Fine Arts, Budapest, Hungary &#8211; lectures<br \/>\n<\/span><\/span><\/p>\n<h5><strong><span class=\"tlid-translation translation\" lang=\"en\"><span class=\"\" title=\"\">Japan:<\/span><\/span><\/strong><\/h5>\n<p>Yoko Seyama &#8211; Japan, Berlin, Germany &#8211; workshops<\/p>\n<h5><strong><span class=\"tlid-translation translation\" lang=\"en\"><span class=\"\" title=\"\">Russia:<\/span><\/span><\/strong><\/h5>\n<p>Belyaeva Ekaterina, Head of Digital Art program in School of Digital Economics, Far Eastern Federal University, Vladivostok, Russia &#8211; <span class=\"tlid-translation translation\" lang=\"en\"><span class=\"\" title=\"\">project evaluation<\/span><\/span><\/p>\n<h5><strong><span class=\"LrzXr\">United Kingdom<\/span>:<\/strong><\/h5>\n<p>Dr Mar\u00eda Mencia &#8211; Kingston College, London, United Kingdom &#8211; lectures<\/p>\n<h5><strong><span class=\"tlid-translation translation\" lang=\"en\"><span class=\"\" title=\"\">Poland:<\/span><\/span><\/strong><\/h5>\n<p>Prof. Ryszard W. Kluszczy\u0144ski &#8211; \u0141\u00f3d\u017a University, Poland &#8211; lectures<br \/>\nProf. Anna Kr\u00f3likiewicz &#8211; Academy of Fine Arts, Gdansk, Poland &#8211; lectures<br \/>\nRados\u0142aw Deruba &#8211; Gda\u0144sk, Poland &#8211; workshops<br \/>\nMicha\u0142 Labijak &#8211; Gda\u0144sk, Poland &#8211; workshops<br \/>\nPiotr Bednarczyk &#8211; Wroc\u0142aw, Poland &#8211; workshops<br \/>\nDr Pawe\u0142 Lisek &#8211; The Eugeniusz Geppert Academy of Art and Design in Wroclaw, Wroc\u0142aw, Poland &#8211; workshops<br \/>\nElwira Pluta &#8211; Warszawa, Poland &#8211; workshops<\/p>\n<h1><\/h1>\n<h1><\/h1>\n<h1><\/h1>\n<p>&nbsp;<\/p>\n<p><span class=\"tlid-translation translation\" lang=\"en\"><span class=\"\" title=\"\">\u00ae concept and production <a href=\"http:\/\/noks.info\/\">NOKS Collective<\/a> &#8211; dr Robert Sochacki i Weronika Morawiec<br \/>\n<\/span><\/span><\/p>\n<h1><\/h1>\n<h1><\/h1>\n<p>&nbsp;<\/p>\n<h1><\/h1>\n<h1><\/h1>\n<div class=\"layoutArea\">\n<script type=\"text\/javascript\">\r\ndocument.addEventListener(\"DOMContentLoaded\", function(event) { \r\n\tjQuery( '#example3_256' ).sliderPro({\r\n\t\t\/\/width\r\n\t\t\t\twidth: 1000,\r\n\t\t\t\t\r\n\t\t\/\/height\r\n\t\t\t\theight: 700,\r\n\t\t\t\t\r\n\t\t\/\/autoplay\r\n\t\t\t\t\t\tautoplay: true,\r\n\t\tautoplayOnHover: 'pause',\r\n\t\t\t\t\t\tautoplayDelay: 5000,\r\n\t\t\r\n\t\t\r\n\t\tarrows: false,\r\n\t\tbuttons: true,\r\n\t\tsmallSize: 500,\r\n\t\tmediumSize: 1000,\r\n\t\tlargeSize: 3000,\r\n\t\tfade: true,\r\n\t\t\r\n\t\t\/\/thumbnail\r\n\t\tthumbnailArrows: true,\r\n\t\tthumbnailWidth: 120,\r\n\t\tthumbnailHeight: 120,\r\n\t\t\t\t\t\tthumbnailsPosition: 'bottom',\r\n\t\t\t\t\t\tcenterImage: true,\r\n\t\timageScaleMode: 'cover',\r\n\t\tallowScaleUp: true,\r\n\t\t\t\tstartSlide: 0,\r\n\t\tloop: true,\r\n\t\tslideDistance: 5,\r\n\t\tautoplayDirection: 'normal',\r\n\t\ttouchSwipe: true,\r\n\t\tfullScreen: true,\r\n\t});\r\n});\r\n<\/script>\r\n<style>\r\n\/* Layout 3 *\/\r\n\/* border *\/\r\n#example3_256 .sp-selected-thumbnail {\r\n\tborder: 4px solid #000000;\r\n}\r\n\r\n\/* font + color *\/\r\n.title-in  {\r\n\tfont-family: Lucida !important;\r\n\tcolor: #ffffff !important;\r\n\tbackground-color: #000000 !important;\r\n\topacity: 0.7 !important;\r\n}\r\n.desc-in  {\r\n\tfont-family: Lucida !important;\r\n\tcolor: #FFFFFF !important;\r\n\tbackground-color: #00000 !important;\r\n\topacity: 0.7 !important;\r\n}\r\n\r\n\/* bullets color *\/\r\n.sp-button  {\r\n\tborder: 2px solid #000000 !important;\r\n}\r\n.sp-selected-button  {\r\n\tbackground-color: #000000 !important;\r\n}\r\n\r\n\/* pointer color - bottom *\/\r\n.sp-selected-thumbnail::before {\r\n\tborder-bottom: 5px solid #000000 !important;\r\n}\r\n.sp-selected-thumbnail::after {\r\n\tborder-bottom: 13px solid #000000 !important;\r\n}\r\n\r\n\/* pointer color - top *\/\r\n\r\n\/* full screen icon *\/\r\n.sp-full-screen-button::before {\r\n    color: #FFFFFF !important;\r\n}\r\n\r\n\/* hover navigation icon color *\/\r\n.sp-next-arrow::after, .sp-next-arrow::before {\r\n\tbackground-color: #FFFFFF !important;\r\n}\r\n.sp-previous-arrow::after, .sp-previous-arrow::before {\r\n\tbackground-color: #FFFFFF !important;\r\n}\r\n\r\n#example3_256 .title-in {\r\n\tcolor: #ffffff !important;\r\n\tfont-weight: bolder;\r\n\ttext-align: center;\r\n}\r\n\r\n#example3_256 .title-in-bg {\r\n\tbackground: rgba(255, 255, 255, 0.7); !important;\r\n\twhite-space: unset !important;\r\n\tmax-width: 90%;\r\n\tmin-width: 40%;\r\n\ttransform: initial !important;\r\n\t-webkit-transform: initial !important;\r\n\tfont-size: 14px !important;\r\n}\r\n\r\n#example3_256 .desc-in {\r\n\tcolor: #FFFFFF !important;\r\n\ttext-align: center;\r\n}\r\n#example3_256 .desc-in-bg {\r\n\tbackground: rgba(#00000, 0.7) !important;\r\n\twhite-space: unset !important;\r\n\twidth: 80% !important;\r\n\tmin-width: 30%;\r\n\ttransform: initial !important;\r\n\t-webkit-transform: initial !important;\r\n\tfont-size: 13px !important;\r\n}\r\n\r\n.uris-title{\r\n\tfont-family: Lucida;\r\n\t\ttext-align: left;\r\n}\r\n\r\n@media (max-width: 640px) {\r\n\t#example3_256 .hide-small-screen {\r\n\t\tdisplay: none;\r\n\t}\r\n}\r\n\r\n@media (max-width: 860px) {\r\n\t#example3_256 .sp-layer {\r\n\t\tfont-size: 18px;\r\n\t}\r\n\t\r\n\t#example3_256 .hide-medium-screen {\r\n\t\tdisplay: none;\r\n\t}\r\n}\r\n.fnf{\r\n\tbackground-color: #a92929;\r\n\tborder-radius: 5px;\r\n\tcolor: #fff;\r\n\tfont-family: initial;\r\n\ttext-align: center;\r\n\tpadding:12px;\r\n}\r\n\/* Custom CSS *\/\r\n<\/style>\r\n\t\t<div id=\"example3_256\" class=\"slider-pro\">\r\n\t\t\t<!---- slides div start ---->\r\n\t\t\t<div class=\"sp-slides\">\r\n\t\t\t\t\t\t\t\r\n\t\t\t\t\t\t<div class=\"sp-slide\">\r\n\t\t\t\t\t\t\t<img decoding=\"async\" class=\"sp-image\" alt=\"Logo ASP Wroclaw-biale\" src=\"https:\/\/i0.wp.com\/laact.pl\/wp-content\/plugins\/ultimate-responsive-image-slider\/css\/images\/blank.gif?w=1170&#038;ssl=1\" data-src=\"https:\/\/laact.pl\/wp-content\/uploads\/2020\/02\/Logo-ASP-Wroclaw-biale.png\" data-recalc-dims=\"1\" \/>\r\n\r\n\t\t\t\t\t\t\t\r\n\t\t\t\t\t\t\t\r\n\t\t\t\t\t\t\t\t\t\t\t\t\t<\/div>\r\n\t\t\t\t\t\t\t\t\t\r\n\t\t\t\t\t\t<div class=\"sp-slide\">\r\n\t\t\t\t\t\t\t<img decoding=\"async\" class=\"sp-image\" alt=\"foto_asp\" src=\"https:\/\/i0.wp.com\/laact.pl\/wp-content\/plugins\/ultimate-responsive-image-slider\/css\/images\/blank.gif?w=1170&#038;ssl=1\" data-src=\"https:\/\/laact.pl\/wp-content\/uploads\/2019\/07\/foto_asp.jpg\" data-recalc-dims=\"1\" \/>\r\n\r\n\t\t\t\t\t\t\t\r\n\t\t\t\t\t\t\t\r\n\t\t\t\t\t\t\t\t\t\t\t\t\t<\/div>\r\n\t\t\t\t\t\t\t\t\t\r\n\t\t\t\t\t\t<div class=\"sp-slide\">\r\n\t\t\t\t\t\t\t<img decoding=\"async\" class=\"sp-image\" alt=\"foto_asp2neon\" src=\"https:\/\/i0.wp.com\/laact.pl\/wp-content\/plugins\/ultimate-responsive-image-slider\/css\/images\/blank.gif?w=1170&#038;ssl=1\" data-src=\"https:\/\/laact.pl\/wp-content\/uploads\/2019\/07\/foto_asp2neon.jpg\" data-recalc-dims=\"1\" \/>\r\n\r\n\t\t\t\t\t\t\t\r\n\t\t\t\t\t\t\t\r\n\t\t\t\t\t\t\t\t\t\t\t\t\t<\/div>\r\n\t\t\t\t\t\t\t\t\t\r\n\t\t\t\t\t\t<div class=\"sp-slide\">\r\n\t\t\t\t\t\t\t<img decoding=\"async\" class=\"sp-image\" alt=\"PiekarniaPoster\" src=\"https:\/\/i0.wp.com\/laact.pl\/wp-content\/plugins\/ultimate-responsive-image-slider\/css\/images\/blank.gif?w=1170&#038;ssl=1\" data-src=\"https:\/\/laact.pl\/wp-content\/uploads\/2019\/07\/PiekarniaPoster.jpg\" data-recalc-dims=\"1\" \/>\r\n\r\n\t\t\t\t\t\t\t\r\n\t\t\t\t\t\t\t\r\n\t\t\t\t\t\t\t\t\t\t\t\t\t<\/div>\r\n\t\t\t\t\t\t\t\t\t\r\n\t\t\t\t\t\t<div class=\"sp-slide\">\r\n\t\t\t\t\t\t\t<img decoding=\"async\" class=\"sp-image\" alt=\"PiekarniaFoto\" src=\"https:\/\/i0.wp.com\/laact.pl\/wp-content\/plugins\/ultimate-responsive-image-slider\/css\/images\/blank.gif?w=1170&#038;ssl=1\" data-src=\"https:\/\/laact.pl\/wp-content\/uploads\/2019\/07\/PiekarniaFoto.jpg\" data-recalc-dims=\"1\" \/>\r\n\r\n\t\t\t\t\t\t\t\r\n\t\t\t\t\t\t\t\r\n\t\t\t\t\t\t\t\t\t\t\t\t\t<\/div>\r\n\t\t\t\t\t\t\t\t\r\n\t\t\t<\/div>\r\n\t\t\t\r\n\t\t\t<!---- slides div end ---->\r\n\t\t\t\t\t\t<!-- slides thumbnails div start -->\r\n\t\t\t<div class=\"sp-thumbnails\">\r\n\t\t\t\t\t\t\t\t\t\t<img decoding=\"async\" class=\"sp-thumbnail\" src=\"https:\/\/i1.wp.com\/laact.pl\/wp-content\/plugins\/ultimate-responsive-image-slider\/img\/loading.gif?w=1170&#038;ssl=1\" data-src=\"https:\/\/laact.pl\/wp-content\/uploads\/2020\/02\/Logo-ASP-Wroclaw-biale-300x300.png\" alt=\"Loading image...\" data-recalc-dims=\"1\"\/>\r\n\t\t\t\t\t\t\t\t\t\t\t<img decoding=\"async\" class=\"sp-thumbnail\" src=\"https:\/\/i1.wp.com\/laact.pl\/wp-content\/plugins\/ultimate-responsive-image-slider\/img\/loading.gif?w=1170&#038;ssl=1\" data-src=\"https:\/\/laact.pl\/wp-content\/uploads\/2019\/07\/foto_asp-300x300.jpg\" alt=\"Loading image...\" data-recalc-dims=\"1\"\/>\r\n\t\t\t\t\t\t\t\t\t\t\t<img decoding=\"async\" class=\"sp-thumbnail\" src=\"https:\/\/i1.wp.com\/laact.pl\/wp-content\/plugins\/ultimate-responsive-image-slider\/img\/loading.gif?w=1170&#038;ssl=1\" data-src=\"https:\/\/laact.pl\/wp-content\/uploads\/2019\/07\/foto_asp2neon-300x300.jpg\" alt=\"Loading image...\" data-recalc-dims=\"1\"\/>\r\n\t\t\t\t\t\t\t\t\t\t\t<img decoding=\"async\" class=\"sp-thumbnail\" src=\"https:\/\/i1.wp.com\/laact.pl\/wp-content\/plugins\/ultimate-responsive-image-slider\/img\/loading.gif?w=1170&#038;ssl=1\" data-src=\"https:\/\/laact.pl\/wp-content\/uploads\/2019\/07\/PiekarniaPoster-300x300.jpg\" alt=\"Loading image...\" data-recalc-dims=\"1\"\/>\r\n\t\t\t\t\t\t\t\t\t\t\t<img decoding=\"async\" class=\"sp-thumbnail\" src=\"https:\/\/i1.wp.com\/laact.pl\/wp-content\/plugins\/ultimate-responsive-image-slider\/img\/loading.gif?w=1170&#038;ssl=1\" data-src=\"https:\/\/laact.pl\/wp-content\/uploads\/2019\/07\/PiekarniaFoto-300x300.jpg\" alt=\"Loading image...\" data-recalc-dims=\"1\"\/>\r\n\t\t\t\t\t\t\t\t<\/div>\r\n\t\t\t\t\t\t<!-- slides thumbnails div end -->\t\r\n\t\t<\/div>\r\n\n<\/div>\n","protected":false},"excerpt":{"rendered":"<p>LIGHT AS A CREATIVE TOOL 2.0 4-9.05.2020 Akademia Sztuk Pi\u0119knych im. Eugeniusza Gepperta we Wroc\u0142awiu The Eugeniusz Geppert Academy of Art and Design in Wroclaw &nbsp; 14.04.2020 AKTUALIZACJA dzi\u0119kujemy za zainteresowanie i zg\u0142oszenia. Czekali\u015bmy do ostatniego momentu, aby podj\u0105\u0107 decyzj\u0119 o mo\u017cliwym kszta\u0142cie konferencji i warsztat\u00f3w LAACT 2.0 we Wroc\u0142awiu. Niestety, w zwi\u0105zku z charakterem [&hellip;]<\/p>\n","protected":false},"author":2,"featured_media":0,"parent":0,"menu_order":0,"comment_status":"closed","ping_status":"closed","template":"","meta":{"spay_email":"","footnotes":""},"class_list":["post-318","page","type-page","status-publish","hentry"],"_links":{"self":[{"href":"https:\/\/laact.pl\/index.php\/wp-json\/wp\/v2\/pages\/318","targetHints":{"allow":["GET"]}}],"collection":[{"href":"https:\/\/laact.pl\/index.php\/wp-json\/wp\/v2\/pages"}],"about":[{"href":"https:\/\/laact.pl\/index.php\/wp-json\/wp\/v2\/types\/page"}],"author":[{"embeddable":true,"href":"https:\/\/laact.pl\/index.php\/wp-json\/wp\/v2\/users\/2"}],"replies":[{"embeddable":true,"href":"https:\/\/laact.pl\/index.php\/wp-json\/wp\/v2\/comments?post=318"}],"version-history":[{"count":38,"href":"https:\/\/laact.pl\/index.php\/wp-json\/wp\/v2\/pages\/318\/revisions"}],"predecessor-version":[{"id":430,"href":"https:\/\/laact.pl\/index.php\/wp-json\/wp\/v2\/pages\/318\/revisions\/430"}],"wp:attachment":[{"href":"https:\/\/laact.pl\/index.php\/wp-json\/wp\/v2\/media?parent=318"}],"curies":[{"name":"wp","href":"https:\/\/api.w.org\/{rel}","templated":true}]}}