{"id":109,"date":"2019-07-28T23:07:18","date_gmt":"2019-07-28T22:07:18","guid":{"rendered":"https:\/\/laact.pl\/?page_id=109"},"modified":"2024-02-12T19:18:51","modified_gmt":"2024-02-12T19:18:51","slug":"partners","status":"publish","type":"page","link":"https:\/\/laact.pl\/index.php\/partners\/","title":{"rendered":"PARTNERS"},"content":{"rendered":"<ul>\n<li>Honorary Patronage of the Mayor of Wroc\u0142aw<\/li>\n<li><a href=\"https:\/\/polen.diplo.de\/pl-de\/01-vertretungen\/01-2-gk-breslau\">Generalkonsulat Breslau<\/a><\/li>\n<li class=\"heading__title\"><a href=\"https:\/\/polen.diplo.de\/pl-de\/01-vertretungen\/01-4-gk-danzig\" target=\"_blank\" rel=\"noopener noreferrer\"><span class=\"heading__title-text\">Deutsches Generalkonsulat Danzig<\/span><\/a><\/li>\n<li><a href=\"https:\/\/www.gdansk.pl\/\" target=\"_blank\" rel=\"noopener noreferrer\">Miasto Gda\u0144sk<\/a><\/li>\n<li><a href=\"http:\/\/plenumgdansk.com\/pl\/przestrzen\" target=\"_blank\" rel=\"noopener noreferrer\">Plenum Gdansk<\/a><\/li>\n<li><a href=\"http:\/\/austria.org.pl\/\" target=\"_blank\" rel=\"noopener noreferrer\">\u00d6sterreichisches Kulturforum Warschau<\/a><\/li>\n<li><a href=\"https:\/\/www.oliviacentre.com\/en\/\" target=\"_blank\" rel=\"noopener noreferrer\">Olivia Business Centre<\/a><\/li>\n<li><a href=\"https:\/\/www.trojmiasto.pl\/\" target=\"_blank\" rel=\"noopener noreferrer\">Portal trojmiasto.pl<\/a><\/li>\n<li>NON IRON GROUP<\/li>\n<li>PERRIER<\/li>\n<li><a href=\"https:\/\/onlemon.pl\/\" target=\"_blank\" rel=\"noopener noreferrer\">ON LEMON<\/a><\/li>\n<li><a href=\"http:\/\/patioasp.pl\/\" target=\"_blank\" rel=\"noopener noreferrer\">PATIO ASP<\/a><\/li>\n<\/ul>\n<p>&nbsp;<\/p>\n<p>&nbsp;<\/p>\n","protected":false},"excerpt":{"rendered":"<p>Honorary Patronage of the Mayor of Wroc\u0142aw Generalkonsulat Breslau Deutsches Generalkonsulat Danzig Miasto Gda\u0144sk Plenum Gdansk \u00d6sterreichisches Kulturforum Warschau Olivia Business Centre Portal trojmiasto.pl NON IRON GROUP PERRIER ON LEMON PATIO ASP &nbsp; &nbsp;<\/p>\n","protected":false},"author":2,"featured_media":0,"parent":0,"menu_order":0,"comment_status":"closed","ping_status":"closed","template":"","meta":{"spay_email":"","footnotes":""},"class_list":["post-109","page","type-page","status-publish","hentry"],"_links":{"self":[{"href":"https:\/\/laact.pl\/index.php\/wp-json\/wp\/v2\/pages\/109","targetHints":{"allow":["GET"]}}],"collection":[{"href":"https:\/\/laact.pl\/index.php\/wp-json\/wp\/v2\/pages"}],"about":[{"href":"https:\/\/laact.pl\/index.php\/wp-json\/wp\/v2\/types\/page"}],"author":[{"embeddable":true,"href":"https:\/\/laact.pl\/index.php\/wp-json\/wp\/v2\/users\/2"}],"replies":[{"embeddable":true,"href":"https:\/\/laact.pl\/index.php\/wp-json\/wp\/v2\/comments?post=109"}],"version-history":[{"count":15,"href":"https:\/\/laact.pl\/index.php\/wp-json\/wp\/v2\/pages\/109\/revisions"}],"predecessor-version":[{"id":450,"href":"https:\/\/laact.pl\/index.php\/wp-json\/wp\/v2\/pages\/109\/revisions\/450"}],"wp:attachment":[{"href":"https:\/\/laact.pl\/index.php\/wp-json\/wp\/v2\/media?parent=109"}],"curies":[{"name":"wp","href":"https:\/\/api.w.org\/{rel}","templated":true}]}}